{"id":17,"date":"2021-10-17T15:20:27","date_gmt":"2021-10-17T13:20:27","guid":{"rendered":"http:\/\/pp11wpolicach.pl\/?page_id=17"},"modified":"2025-02-23T13:56:18","modified_gmt":"2025-02-23T12:56:18","slug":"jak-pracujemy","status":"publish","type":"page","link":"https:\/\/pp11wpolicach.pl\/?page_id=17","title":{"rendered":"JAK PRACUJEMY"},"content":{"rendered":"\t\t<div data-elementor-type=\"wp-page\" data-elementor-id=\"17\" class=\"elementor elementor-17\">\n\t\t\t\t\t\t<section class=\"elementor-section elementor-top-section elementor-element elementor-element-5c940f6 elementor-section-boxed elementor-section-height-default elementor-section-height-default\" data-id=\"5c940f6\" data-element_type=\"section\">\n\t\t\t\t\t\t<div class=\"elementor-container elementor-column-gap-default\">\n\t\t\t\t\t<div class=\"elementor-column elementor-col-100 elementor-top-column elementor-element elementor-element-7eba906\" data-id=\"7eba906\" data-element_type=\"column\">\n\t\t\t<div class=\"elementor-widget-wrap elementor-element-populated\">\n\t\t\t\t\t\t<section class=\"elementor-section elementor-inner-section elementor-element elementor-element-8369bdb elementor-section-boxed elementor-section-height-default elementor-section-height-default\" data-id=\"8369bdb\" data-element_type=\"section\">\n\t\t\t\t\t\t<div class=\"elementor-container elementor-column-gap-default\">\n\t\t\t\t\t<div class=\"elementor-column elementor-col-100 elementor-inner-column elementor-element elementor-element-d319339\" data-id=\"d319339\" data-element_type=\"column\">\n\t\t\t<div class=\"elementor-widget-wrap elementor-element-populated\">\n\t\t\t\t\t\t<div class=\"elementor-element elementor-element-7c4dbc5 elementor-widget elementor-widget-heading\" data-id=\"7c4dbc5\" data-element_type=\"widget\" data-widget_type=\"heading.default\">\n\t\t\t\t<div class=\"elementor-widget-container\">\n\t\t\t\t\t<h2 class=\"elementor-heading-title elementor-size-default\">Jak pracujemy...<\/h2>\t\t\t\t<\/div>\n\t\t\t\t<\/div>\n\t\t\t\t<div class=\"elementor-element elementor-element-6785f99 elementor-widget-divider--view-line elementor-widget elementor-widget-divider\" data-id=\"6785f99\" data-element_type=\"widget\" data-widget_type=\"divider.default\">\n\t\t\t\t<div class=\"elementor-widget-container\">\n\t\t\t\t\t\t\t<div class=\"elementor-divider\">\n\t\t\t<span class=\"elementor-divider-separator\">\n\t\t\t\t\t\t<\/span>\n\t\t<\/div>\n\t\t\t\t\t\t<\/div>\n\t\t\t\t<\/div>\n\t\t\t\t\t<\/div>\n\t\t<\/div>\n\t\t\t\t\t<\/div>\n\t\t<\/section>\n\t\t\t\t<section class=\"elementor-section elementor-inner-section elementor-element elementor-element-a51d210 elementor-section-boxed elementor-section-height-default elementor-section-height-default\" data-id=\"a51d210\" data-element_type=\"section\">\n\t\t\t\t\t\t<div class=\"elementor-container elementor-column-gap-default\">\n\t\t\t\t\t<div class=\"elementor-column elementor-col-50 elementor-inner-column elementor-element elementor-element-78356b4\" data-id=\"78356b4\" data-element_type=\"column\">\n\t\t\t<div class=\"elementor-widget-wrap elementor-element-populated\">\n\t\t\t\t\t\t<div class=\"elementor-element elementor-element-eaba156 elementor-widget elementor-widget-text-editor\" data-id=\"eaba156\" data-element_type=\"widget\" data-widget_type=\"text-editor.default\">\n\t\t\t\t<div class=\"elementor-widget-container\">\n\t\t\t\t\t\t\t\t\t<p><span style=\"font-size: 14px;\">W naszej codziennej pracy dzia\u0142ania skupiamy na wszechstronnym rozwoju dziecka. Ka\u017cdego dnia staramy si\u0119 realizowa\u0107 konfucja\u0144skie przys\u0142owie: \u201ePowiedz mi, a zapomn\u0119, poka\u017c mi, a zapami\u0119tam, pozw\u00f3l mi zrobi\u0107, a zrozumiem\u201d, wykorzystuj\u0105c metody aktywizuj\u0105ce pozwalaj\u0105ce na do\u015bwiadczanie, prze\u017cywanie, samodzielne uczestniczenie w zabawie i dzia\u0142aniu.<\/span><\/p>\t\t\t\t\t\t\t\t<\/div>\n\t\t\t\t<\/div>\n\t\t\t\t\t<\/div>\n\t\t<\/div>\n\t\t\t\t<div class=\"elementor-column elementor-col-50 elementor-inner-column elementor-element elementor-element-0eaa21a\" data-id=\"0eaa21a\" data-element_type=\"column\">\n\t\t\t<div class=\"elementor-widget-wrap elementor-element-populated\">\n\t\t\t\t\t\t<div class=\"elementor-element elementor-element-0ba1a07 elementor-widget elementor-widget-image\" data-id=\"0ba1a07\" data-element_type=\"widget\" data-widget_type=\"image.default\">\n\t\t\t\t<div class=\"elementor-widget-container\">\n\t\t\t\t\t\t\t\t\t\t\t\t\t\t\t<img fetchpriority=\"high\" decoding=\"async\" width=\"1024\" height=\"768\" src=\"https:\/\/pp11wpolicach.pl\/wp-content\/uploads\/2021\/10\/20191122_091315-1024x768.jpg\" class=\"attachment-large size-large wp-image-360\" alt=\"\" srcset=\"https:\/\/pp11wpolicach.pl\/wp-content\/uploads\/2021\/10\/20191122_091315-1024x768.jpg 1024w, https:\/\/pp11wpolicach.pl\/wp-content\/uploads\/2021\/10\/20191122_091315-300x225.jpg 300w, https:\/\/pp11wpolicach.pl\/wp-content\/uploads\/2021\/10\/20191122_091315-768x576.jpg 768w, https:\/\/pp11wpolicach.pl\/wp-content\/uploads\/2021\/10\/20191122_091315-1536x1152.jpg 1536w, https:\/\/pp11wpolicach.pl\/wp-content\/uploads\/2021\/10\/20191122_091315-2048x1536.jpg 2048w\" sizes=\"(max-width: 1024px) 100vw, 1024px\" \/>\t\t\t\t\t\t\t\t\t\t\t\t\t\t\t<\/div>\n\t\t\t\t<\/div>\n\t\t\t\t\t<\/div>\n\t\t<\/div>\n\t\t\t\t\t<\/div>\n\t\t<\/section>\n\t\t\t\t<section class=\"elementor-section elementor-inner-section elementor-element elementor-element-b92c26e elementor-section-boxed elementor-section-height-default elementor-section-height-default\" data-id=\"b92c26e\" data-element_type=\"section\">\n\t\t\t\t\t\t<div class=\"elementor-container elementor-column-gap-default\">\n\t\t\t\t\t<div class=\"elementor-column elementor-col-50 elementor-inner-column elementor-element elementor-element-f48d9f0\" data-id=\"f48d9f0\" data-element_type=\"column\">\n\t\t\t<div class=\"elementor-widget-wrap elementor-element-populated\">\n\t\t\t\t\t\t<div class=\"elementor-element elementor-element-2737ccf elementor-widget elementor-widget-image\" data-id=\"2737ccf\" data-element_type=\"widget\" data-widget_type=\"image.default\">\n\t\t\t\t<div class=\"elementor-widget-container\">\n\t\t\t\t\t\t\t\t\t\t\t\t\t\t\t<img decoding=\"async\" width=\"640\" height=\"480\" src=\"https:\/\/pp11wpolicach.pl\/wp-content\/uploads\/2021\/10\/20191202_100331.jpg\" class=\"attachment-large size-large wp-image-361\" alt=\"\" srcset=\"https:\/\/pp11wpolicach.pl\/wp-content\/uploads\/2021\/10\/20191202_100331.jpg 640w, https:\/\/pp11wpolicach.pl\/wp-content\/uploads\/2021\/10\/20191202_100331-300x225.jpg 300w\" sizes=\"(max-width: 640px) 100vw, 640px\" \/>\t\t\t\t\t\t\t\t\t\t\t\t\t\t\t<\/div>\n\t\t\t\t<\/div>\n\t\t\t\t\t<\/div>\n\t\t<\/div>\n\t\t\t\t<div class=\"elementor-column elementor-col-50 elementor-inner-column elementor-element elementor-element-cd6efb5\" data-id=\"cd6efb5\" data-element_type=\"column\">\n\t\t\t<div class=\"elementor-widget-wrap elementor-element-populated\">\n\t\t\t\t\t\t<div class=\"elementor-element elementor-element-927f1bb elementor-widget elementor-widget-text-editor\" data-id=\"927f1bb\" data-element_type=\"widget\" data-widget_type=\"text-editor.default\">\n\t\t\t\t<div class=\"elementor-widget-container\">\n\t\t\t\t\t\t\t\t\t<p style=\"font-weight: 400;\">Nauczyciele w codziennej pracy staraj\u0105 si\u0119 realizowa\u0107 nast\u0119puj\u0105ce priorytety:<\/p><ul><li style=\"font-weight: 400;\">cel dla dziecka musi by\u0107 jasny i bliski<\/li><li style=\"font-weight: 400;\">bazowa\u0107 na poczuciu bezpiecze\u0144stwa<\/li><li style=\"font-weight: 400;\">szanowa\u0107 prawo do b\u0142\u0119du<\/li><li style=\"font-weight: 400;\">uwzgl\u0119dnia\u0107 emocje<\/li><li style=\"font-weight: 400;\">dostarcza\u0107 wsparcie<\/li><li style=\"font-weight: 400;\">podejmowa\u0107 pr\u00f3by planowania i podejmowania decyzji<\/li><li style=\"font-weight: 400;\">odczuwa\u0107 satysfakcj\u0119<\/li><li style=\"font-weight: 400;\">mie\u0107 poczucie sprawczo\u015bci<\/li><li style=\"font-weight: 400;\">dostrzega\u0107 zaanga\u017cowanie<\/li><li style=\"font-weight: 400;\">dawa\u0107 mo\u017cliwo\u015b\u0107 realizacji w\u0142asnych pomys\u0142\u00f3w<\/li><li style=\"font-weight: 400;\">czyli \u2013 wspiera\u0107 poczucie w\u0142asnej warto\u015bci\u00a0<\/li><\/ul><p style=\"font-weight: 400;\">\u00a0Wykorzystujemy trzy podstawowe zasady:<\/p><ul><li style=\"font-weight: 400;\">obserwacj\u0119,<\/li><li style=\"font-weight: 400;\">samodzielny wyb\u00f3r,<\/li><li style=\"font-weight: 400;\">przygotowanie \u015brodowiska.<\/li><\/ul>\t\t\t\t\t\t\t\t<\/div>\n\t\t\t\t<\/div>\n\t\t\t\t\t<\/div>\n\t\t<\/div>\n\t\t\t\t\t<\/div>\n\t\t<\/section>\n\t\t\t\t<section class=\"elementor-section elementor-inner-section elementor-element elementor-element-7104cdc elementor-section-boxed elementor-section-height-default elementor-section-height-default\" data-id=\"7104cdc\" data-element_type=\"section\">\n\t\t\t\t\t\t<div class=\"elementor-container elementor-column-gap-default\">\n\t\t\t\t\t<div class=\"elementor-column elementor-col-50 elementor-inner-column elementor-element elementor-element-b831d18\" data-id=\"b831d18\" data-element_type=\"column\">\n\t\t\t<div class=\"elementor-widget-wrap elementor-element-populated\">\n\t\t\t\t\t\t<div class=\"elementor-element elementor-element-792c03a elementor-widget elementor-widget-text-editor\" data-id=\"792c03a\" data-element_type=\"widget\" data-widget_type=\"text-editor.default\">\n\t\t\t\t<div class=\"elementor-widget-container\">\n\t\t\t\t\t\t\t\t\t<p style=\"font-weight: 400;\">Tworzymy sytuacje dnia codziennego, kt\u00f3rych form\u0105 planowania jest projektowanie sytuacji edukacyjnych dostosowanych do potrzeb i mo\u017cliwo\u015bci dzieci. Dajemy czas na\u00a0 dzia\u0142anie, do\u015bwiadczanie, odkrywanie, szans\u0119 na samodzielne rozwi\u0105zywanie problemu, pomagamy w rozwi\u0105zaniu sporu oraz pr\u00f3bujemy uczy\u0107 komunikat\u00f3w typu &#8222;ja&#8221;. Wp\u0142ywamy na zachowanie daj\u0105c przyk\u0142ad prawid\u0142owego post\u0119powania, uczymy szacunku dla drugiego cz\u0142owieka.<\/p><p style=\"font-weight: 400;\">Przestrzegamy zasad\u0119 konsekwencji w wychowaniu, kt\u00f3ra jest niezmiernie wa\u017cna dla uzyskiwania w\u0142a\u015bciwych efekt\u00f3w wychowawczych. Stawiamy granice akceptowanego zachowania, t\u0142umaczymy, co jest dobre, a co z\u0142e. Uczymy poszanowania dobrej zabawy, odpoczynku koleg\u00f3w, dbania o wsp\u00f3ln\u0105 w\u0142asno\u015b\u0107, bezpiecznego zachowania wobec siebie i innych, zdrowej wsp\u00f3\u0142rywalizacji.<\/p>\t\t\t\t\t\t\t\t<\/div>\n\t\t\t\t<\/div>\n\t\t\t\t\t<\/div>\n\t\t<\/div>\n\t\t\t\t<div class=\"elementor-column elementor-col-50 elementor-inner-column elementor-element elementor-element-046bc62\" data-id=\"046bc62\" data-element_type=\"column\">\n\t\t\t<div class=\"elementor-widget-wrap elementor-element-populated\">\n\t\t\t\t\t\t<div class=\"elementor-element elementor-element-abda80c elementor-widget elementor-widget-image\" data-id=\"abda80c\" data-element_type=\"widget\" data-widget_type=\"image.default\">\n\t\t\t\t<div class=\"elementor-widget-container\">\n\t\t\t\t\t\t\t\t\t\t\t\t\t\t\t<img decoding=\"async\" width=\"480\" height=\"397\" src=\"https:\/\/pp11wpolicach.pl\/wp-content\/uploads\/2021\/10\/20200302_100651.jpg\" class=\"attachment-large size-large wp-image-362\" alt=\"\" srcset=\"https:\/\/pp11wpolicach.pl\/wp-content\/uploads\/2021\/10\/20200302_100651.jpg 480w, https:\/\/pp11wpolicach.pl\/wp-content\/uploads\/2021\/10\/20200302_100651-300x248.jpg 300w\" sizes=\"(max-width: 480px) 100vw, 480px\" \/>\t\t\t\t\t\t\t\t\t\t\t\t\t\t\t<\/div>\n\t\t\t\t<\/div>\n\t\t\t\t\t<\/div>\n\t\t<\/div>\n\t\t\t\t\t<\/div>\n\t\t<\/section>\n\t\t\t\t<section class=\"elementor-section elementor-inner-section elementor-element elementor-element-649f6c2 elementor-section-boxed elementor-section-height-default elementor-section-height-default\" data-id=\"649f6c2\" data-element_type=\"section\">\n\t\t\t\t\t\t<div class=\"elementor-container elementor-column-gap-default\">\n\t\t\t\t\t<div class=\"elementor-column elementor-col-100 elementor-inner-column elementor-element elementor-element-a86abe8\" data-id=\"a86abe8\" data-element_type=\"column\">\n\t\t\t<div class=\"elementor-widget-wrap elementor-element-populated\">\n\t\t\t\t\t\t<div class=\"elementor-element elementor-element-af995a6 elementor-widget elementor-widget-heading\" data-id=\"af995a6\" data-element_type=\"widget\" data-widget_type=\"heading.default\">\n\t\t\t\t<div class=\"elementor-widget-container\">\n\t\t\t\t\t<h2 class=\"elementor-heading-title elementor-size-default\">Co nas wyr\u00f3\u017cnia...<\/h2>\t\t\t\t<\/div>\n\t\t\t\t<\/div>\n\t\t\t\t<div class=\"elementor-element elementor-element-df6fd43 elementor-widget-divider--view-line elementor-widget elementor-widget-divider\" data-id=\"df6fd43\" data-element_type=\"widget\" data-widget_type=\"divider.default\">\n\t\t\t\t<div class=\"elementor-widget-container\">\n\t\t\t\t\t\t\t<div class=\"elementor-divider\">\n\t\t\t<span class=\"elementor-divider-separator\">\n\t\t\t\t\t\t<\/span>\n\t\t<\/div>\n\t\t\t\t\t\t<\/div>\n\t\t\t\t<\/div>\n\t\t\t\t\t<\/div>\n\t\t<\/div>\n\t\t\t\t\t<\/div>\n\t\t<\/section>\n\t\t\t\t<section class=\"elementor-section elementor-inner-section elementor-element elementor-element-c5a28d7 elementor-section-boxed elementor-section-height-default elementor-section-height-default\" data-id=\"c5a28d7\" data-element_type=\"section\">\n\t\t\t\t\t\t<div class=\"elementor-container elementor-column-gap-default\">\n\t\t\t\t\t<div class=\"elementor-column elementor-col-50 elementor-inner-column elementor-element elementor-element-4924ea3\" data-id=\"4924ea3\" data-element_type=\"column\">\n\t\t\t<div class=\"elementor-widget-wrap elementor-element-populated\">\n\t\t\t\t\t\t<div class=\"elementor-element elementor-element-2b2faca elementor-widget elementor-widget-image\" data-id=\"2b2faca\" data-element_type=\"widget\" data-widget_type=\"image.default\">\n\t\t\t\t<div class=\"elementor-widget-container\">\n\t\t\t\t\t\t\t\t\t\t\t\t\t\t\t<img loading=\"lazy\" decoding=\"async\" width=\"1024\" height=\"768\" src=\"https:\/\/pp11wpolicach.pl\/wp-content\/uploads\/2021\/10\/13-1024x768.jpg\" class=\"attachment-large size-large wp-image-372\" alt=\"\" srcset=\"https:\/\/pp11wpolicach.pl\/wp-content\/uploads\/2021\/10\/13-1024x768.jpg 1024w, https:\/\/pp11wpolicach.pl\/wp-content\/uploads\/2021\/10\/13-300x225.jpg 300w, https:\/\/pp11wpolicach.pl\/wp-content\/uploads\/2021\/10\/13-768x576.jpg 768w, https:\/\/pp11wpolicach.pl\/wp-content\/uploads\/2021\/10\/13-1536x1152.jpg 1536w, https:\/\/pp11wpolicach.pl\/wp-content\/uploads\/2021\/10\/13.jpg 1600w\" sizes=\"(max-width: 1024px) 100vw, 1024px\" \/>\t\t\t\t\t\t\t\t\t\t\t\t\t\t\t<\/div>\n\t\t\t\t<\/div>\n\t\t\t\t\t<\/div>\n\t\t<\/div>\n\t\t\t\t<div class=\"elementor-column elementor-col-50 elementor-inner-column elementor-element elementor-element-189bf9b\" data-id=\"189bf9b\" data-element_type=\"column\">\n\t\t\t<div class=\"elementor-widget-wrap elementor-element-populated\">\n\t\t\t\t\t\t<div class=\"elementor-element elementor-element-63836aa elementor-widget elementor-widget-text-editor\" data-id=\"63836aa\" data-element_type=\"widget\" data-widget_type=\"text-editor.default\">\n\t\t\t\t<div class=\"elementor-widget-container\">\n\t\t\t\t\t\t\t\t\t<p style=\"font-weight: 400;\">Organizujemy wiele przedsi\u0119wzi\u0119\u0107 i projekt\u00f3w, w tym: &#8222;Dzie\u0144 Przedszkolaka&#8221;, \u201eDzie\u0144 Ch\u0142opaka\u201d, \u201eDzie\u0144 owoc\u00f3w i warzyw\u201d, &#8222;Dzie\u0144 Niepodleg\u0142o\u015bci&#8221;, \u201ePasowanie na Przedszkolaka\u201d, &#8222;\u015awi\u0119to Pluszowego Misia&#8221;, Miko\u0142ajki, Wigili\u0119 Przedszkoln\u0105, akcje charytatywne na rzecz zbi\u00f3rek z r\u00f3\u017cnych okazji,\u00a0 Bal karnawa\u0142owy, Dzie\u0144 Babci i Dziadka, &#8222;Dzie\u0144 Przyja\u017ani na ulicy Przyja\u017ani&#8221;, \u201eDzie\u0144 Kobiet i Kobietek\u201d, Powitanie wiosny,\u00a0 \u201ePoszukiwanie wielkanocnego zaj\u0105czka\u201d, Dzie\u0144 Ziemi, &#8222;Dzie\u0144 Rodziny&#8221;, Dzie\u0144 Dziecka jako Dzie\u0144 Pe\u0142en Niespodzianek, uroczyste po\u017cegnanie dzieci odchodz\u0105cych do szko\u0142y,<\/p><ul><li style=\"font-weight: 400;\">prowadzimy szereg dzia\u0142a\u0144 proekologicznych i prozdrowotnych, w tym: zbi\u00f3rk\u0119 odpad\u00f3w, w tym\u00a0 do ponownego wykorzystania w projektach plastycznych \u201eW Talentkowie\u201d, prowadzimy \u201eZielone ogr\u00f3dki okienne\u201d, akcje sadzenia kwiat\u00f3w i krzew\u00f3w na swoim terenie, porz\u0105dkowanie terenu \u201eWiosenne lub Jesienne porz\u0105dki\u201d, itp. \u00a0<\/li><li style=\"font-weight: 400;\">ozdabiamy przedszkole pracami wykonanymi przez naszych wychowank\u00f3w \u201eOkienne wystawy\u201d, czy tematyczne wystawy plastyczne np. \u201eMoja Pani z przedszkola\u201d.<\/li><li>w ci\u0105gu roku szkolnego pracujemy z wykorzystaniem aplikacji Teams Microsoft Office 365, kt\u00f3ra s\u0142u\u017cy do bezpo\u015bredniego kontaktu w ramach grupy. Jest to oficjalny kana\u0142 komunikacyjny naszego przedszkola. Ka\u017cdy z rodzic\u00f3w z pocz\u0105tkiem roku szkolnego, gdy po raz pierwszy przychodzi do nas, otrzymuje login i has\u0142o do\u0142\u0105czenia do grupy. Umieszczamy w niej wszystkie wa\u017cne informacje, og\u0142oszenia, podsumowania pracy, fotografie, filmiki, itp.\u00a0\u00a0<\/li><\/ul>\t\t\t\t\t\t\t\t<\/div>\n\t\t\t\t<\/div>\n\t\t\t\t\t<\/div>\n\t\t<\/div>\n\t\t\t\t\t<\/div>\n\t\t<\/section>\n\t\t\t\t<section class=\"elementor-section elementor-inner-section elementor-element elementor-element-eb0ebc3 elementor-section-boxed elementor-section-height-default elementor-section-height-default\" data-id=\"eb0ebc3\" data-element_type=\"section\">\n\t\t\t\t\t\t<div class=\"elementor-container elementor-column-gap-default\">\n\t\t\t\t\t<div class=\"elementor-column elementor-col-50 elementor-inner-column elementor-element elementor-element-468068b\" data-id=\"468068b\" data-element_type=\"column\">\n\t\t\t<div class=\"elementor-widget-wrap elementor-element-populated\">\n\t\t\t\t\t\t<div class=\"elementor-element elementor-element-3f7e193 elementor-widget elementor-widget-text-editor\" data-id=\"3f7e193\" data-element_type=\"widget\" data-widget_type=\"text-editor.default\">\n\t\t\t\t<div class=\"elementor-widget-container\">\n\t\t\t\t\t\t\t\t\t<ul><li style=\"font-weight: 400;\">Z okazji Dnia Ziemi organizujemy imprez\u0119 pod has\u0142em \u201eEko &#8211; spotkanie na le\u015bnej polanie\u201d, z zabawami proekologicznymi, wystaw\u0105 plastyczn\u0105 n\/t \u201e\u015amieci mniej &#8211; Ziemi l\u017cej\u201d oraz mod\u0105 ekologiczn\u0105,<\/li><li style=\"font-weight: 400;\">od wielu lat organizujemy rajdy piesze po Puszczy Wkrza\u0144skiej oraz wycieczki turystyczne po okolicy po has\u0142em \u201ePrzedszkole ma wychodne\u201d,<\/li><li style=\"font-weight: 400;\">prowadzimy zaj\u0119cia cykliczne \u201eCzynno\u015bci dnia codziennego,<\/li><li style=\"font-weight: 400;\">w\u0142\u0105czamy si\u0119 w liczne akcje charytatywne na rzecz bezdomnych zwierz\u0105t, czy chorych dzieci,<\/li><li style=\"font-weight: 400;\">prowadzimy punkty wypo\u017cyczania ksi\u0105\u017cek dla dzieci,<\/li><li style=\"font-weight: 400;\">preferujemy prozdrowotny styl wychowania, w tym zdrowy styl od\u017cywiania,<\/li><li style=\"font-weight: 400;\">jeste\u015bmy otwarci na prac\u0119 z dzie\u0107mi potrzebuj\u0105cymi dodatkowego wsparcia specjalistycznego, tworz\u0105c w razie potrzeby grupy integracyjne, zapewniaj\u0105c realizacj\u0119 zalece\u0144 wynikaj\u0105cych z diagnoz.\u00a0<\/li><\/ul>\t\t\t\t\t\t\t\t<\/div>\n\t\t\t\t<\/div>\n\t\t\t\t\t<\/div>\n\t\t<\/div>\n\t\t\t\t<div class=\"elementor-column elementor-col-50 elementor-inner-column elementor-element elementor-element-76286bc\" data-id=\"76286bc\" data-element_type=\"column\">\n\t\t\t<div class=\"elementor-widget-wrap elementor-element-populated\">\n\t\t\t\t\t\t<div class=\"elementor-element elementor-element-d276a4f elementor-widget elementor-widget-image\" data-id=\"d276a4f\" data-element_type=\"widget\" data-widget_type=\"image.default\">\n\t\t\t\t<div class=\"elementor-widget-container\">\n\t\t\t\t\t\t\t\t\t\t\t\t\t\t\t<img loading=\"lazy\" decoding=\"async\" width=\"768\" height=\"1024\" src=\"https:\/\/pp11wpolicach.pl\/wp-content\/uploads\/2021\/10\/rajdy5-768x1024.jpg\" class=\"attachment-medium_large size-medium_large wp-image-373\" alt=\"\" srcset=\"https:\/\/pp11wpolicach.pl\/wp-content\/uploads\/2021\/10\/rajdy5-768x1024.jpg 768w, https:\/\/pp11wpolicach.pl\/wp-content\/uploads\/2021\/10\/rajdy5-225x300.jpg 225w, https:\/\/pp11wpolicach.pl\/wp-content\/uploads\/2021\/10\/rajdy5-1152x1536.jpg 1152w, https:\/\/pp11wpolicach.pl\/wp-content\/uploads\/2021\/10\/rajdy5-1536x2048.jpg 1536w\" sizes=\"(max-width: 768px) 100vw, 768px\" \/>\t\t\t\t\t\t\t\t\t\t\t\t\t\t\t<\/div>\n\t\t\t\t<\/div>\n\t\t\t\t\t<\/div>\n\t\t<\/div>\n\t\t\t\t\t<\/div>\n\t\t<\/section>\n\t\t\t\t\t<\/div>\n\t\t<\/div>\n\t\t\t\t\t<\/div>\n\t\t<\/section>\n\t\t\t\t<\/div>\n\t\t","protected":false},"excerpt":{"rendered":"<p>Jak pracujemy&#8230; W naszej codziennej pracy dzia\u0142ania skupiamy na wszechstronnym rozwoju dziecka. Ka\u017cdego dnia staramy si\u0119 realizowa\u0107 konfucja\u0144skie przys\u0142owie: \u201ePowiedz mi, a zapomn\u0119, poka\u017c mi, a zapami\u0119tam, pozw\u00f3l mi zrobi\u0107, a zrozumiem\u201d, wykorzystuj\u0105c metody aktywizuj\u0105ce pozwalaj\u0105ce na do\u015bwiadczanie, prze\u017cywanie, samodzielne uczestniczenie w zabawie i dzia\u0142aniu. Nauczyciele w codziennej pracy staraj\u0105 si\u0119 realizowa\u0107 nast\u0119puj\u0105ce priorytety: cel [&hellip;]<\/p>\n","protected":false},"author":1,"featured_media":0,"parent":0,"menu_order":0,"comment_status":"closed","ping_status":"closed","template":"","meta":{"ocean_post_layout":"full-screen","ocean_both_sidebars_style":"","ocean_both_sidebars_content_width":0,"ocean_both_sidebars_sidebars_width":0,"ocean_sidebar":"0","ocean_second_sidebar":"0","ocean_disable_margins":"enable","ocean_add_body_class":"","ocean_shortcode_before_top_bar":"","ocean_shortcode_after_top_bar":"","ocean_shortcode_before_header":"","ocean_shortcode_after_header":"","ocean_has_shortcode":"","ocean_shortcode_after_title":"","ocean_shortcode_before_footer_widgets":"","ocean_shortcode_after_footer_widgets":"","ocean_shortcode_before_footer_bottom":"","ocean_shortcode_after_footer_bottom":"","ocean_display_top_bar":"off","ocean_display_header":"default","ocean_header_style":"","ocean_center_header_left_menu":"0","ocean_custom_header_template":"0","ocean_custom_logo":0,"ocean_custom_retina_logo":0,"ocean_custom_logo_max_width":0,"ocean_custom_logo_tablet_max_width":0,"ocean_custom_logo_mobile_max_width":0,"ocean_custom_logo_max_height":0,"ocean_custom_logo_tablet_max_height":0,"ocean_custom_logo_mobile_max_height":0,"ocean_header_custom_menu":"0","ocean_menu_typo_font_family":"0","ocean_menu_typo_font_subset":"","ocean_menu_typo_font_size":0,"ocean_menu_typo_font_size_tablet":0,"ocean_menu_typo_font_size_mobile":0,"ocean_menu_typo_font_size_unit":"px","ocean_menu_typo_font_weight":"","ocean_menu_typo_font_weight_tablet":"","ocean_menu_typo_font_weight_mobile":"","ocean_menu_typo_transform":"","ocean_menu_typo_transform_tablet":"","ocean_menu_typo_transform_mobile":"","ocean_menu_typo_line_height":0,"ocean_menu_typo_line_height_tablet":0,"ocean_menu_typo_line_height_mobile":0,"ocean_menu_typo_line_height_unit":"","ocean_menu_typo_spacing":0,"ocean_menu_typo_spacing_tablet":0,"ocean_menu_typo_spacing_mobile":0,"ocean_menu_typo_spacing_unit":"","ocean_menu_link_color":"","ocean_menu_link_color_hover":"","ocean_menu_link_color_active":"","ocean_menu_link_background":"","ocean_menu_link_hover_background":"","ocean_menu_link_active_background":"","ocean_menu_social_links_bg":"","ocean_menu_social_hover_links_bg":"","ocean_menu_social_links_color":"","ocean_menu_social_hover_links_color":"","ocean_disable_title":"on","ocean_disable_heading":"default","ocean_post_title":"","ocean_post_subheading":"","ocean_post_title_style":"","ocean_post_title_background_color":"","ocean_post_title_background":0,"ocean_post_title_bg_image_position":"","ocean_post_title_bg_image_attachment":"","ocean_post_title_bg_image_repeat":"","ocean_post_title_bg_image_size":"","ocean_post_title_height":0,"ocean_post_title_bg_overlay":0.5,"ocean_post_title_bg_overlay_color":"","ocean_disable_breadcrumbs":"default","ocean_breadcrumbs_color":"","ocean_breadcrumbs_separator_color":"","ocean_breadcrumbs_links_color":"","ocean_breadcrumbs_links_hover_color":"","ocean_display_footer_widgets":"off","ocean_display_footer_bottom":"off","ocean_custom_footer_template":"0","footnotes":""},"class_list":["post-17","page","type-page","status-publish","hentry","entry"],"_links":{"self":[{"href":"https:\/\/pp11wpolicach.pl\/index.php?rest_route=\/wp\/v2\/pages\/17","targetHints":{"allow":["GET"]}}],"collection":[{"href":"https:\/\/pp11wpolicach.pl\/index.php?rest_route=\/wp\/v2\/pages"}],"about":[{"href":"https:\/\/pp11wpolicach.pl\/index.php?rest_route=\/wp\/v2\/types\/page"}],"author":[{"embeddable":true,"href":"https:\/\/pp11wpolicach.pl\/index.php?rest_route=\/wp\/v2\/users\/1"}],"replies":[{"embeddable":true,"href":"https:\/\/pp11wpolicach.pl\/index.php?rest_route=%2Fwp%2Fv2%2Fcomments&post=17"}],"version-history":[{"count":25,"href":"https:\/\/pp11wpolicach.pl\/index.php?rest_route=\/wp\/v2\/pages\/17\/revisions"}],"predecessor-version":[{"id":777,"href":"https:\/\/pp11wpolicach.pl\/index.php?rest_route=\/wp\/v2\/pages\/17\/revisions\/777"}],"wp:attachment":[{"href":"https:\/\/pp11wpolicach.pl\/index.php?rest_route=%2Fwp%2Fv2%2Fmedia&parent=17"}],"curies":[{"name":"wp","href":"https:\/\/api.w.org\/{rel}","templated":true}]}}